{"id":10059,"date":"2021-09-15T13:04:44","date_gmt":"2021-09-15T17:04:44","guid":{"rendered":"https:\/\/convention.ffa.org\/?page_id=10059"},"modified":"2026-03-18T09:07:12","modified_gmt":"2026-03-18T13:07:12","slug":"finals-hall","status":"publish","type":"page","link":"https:\/\/convention.ffa.org\/espanol\/finals-hall\/","title":{"rendered":"Presentaciones finales"},"content":{"rendered":"<p><div class=\"fusion-fullwidth fullwidth-box fusion-builder-row-1 fusion-flex-container has-pattern-background has-mask-background hundred-percent-fullwidth non-hundred-percent-height-scrolling\" style=\"--awb-border-radius-top-left:0px;--awb-border-radius-top-right:0px;--awb-border-radius-bottom-right:0px;--awb-border-radius-bottom-left:0px;--awb-padding-top:30px;--awb-padding-right:30px;--awb-padding-bottom:0px;--awb-margin-top:3%;--awb-flex-wrap:wrap;\" ><div class=\"fusion-builder-row fusion-row fusion-flex-align-items-flex-start fusion-flex-content-wrap\" style=\"width:104% !important;max-width:104% !important;margin-left: calc(-4% \/ 2 );margin-right: calc(-4% \/ 2 );\"><div class=\"fusion-layout-column fusion_builder_column fusion-builder-column-0 fusion_builder_column_1_1 1_1 fusion-flex-column\" style=\"--awb-bg-size:cover;--awb-width-large:100%;--awb-margin-top-large:0px;--awb-spacing-right-large:1.92%;--awb-margin-bottom-large:0px;--awb-spacing-left-large:1.92%;--awb-width-medium:100%;--awb-order-medium:0;--awb-spacing-right-medium:1.92%;--awb-spacing-left-medium:1.92%;--awb-width-small:100%;--awb-order-small:0;--awb-spacing-right-small:1.92%;--awb-spacing-left-small:1.92%;\"><div class=\"fusion-column-wrapper fusion-column-has-shadow fusion-flex-justify-content-flex-start fusion-content-layout-column\"><div class=\"fusion-title title fusion-title-1 fusion-sep-none fusion-title-text fusion-title-size-three\" style=\"--awb-margin-top-small:0px;--awb-margin-right-small:0px;--awb-margin-bottom-small:2%;--awb-margin-left-small:0px;\"><h3 class=\"fusion-title-heading title-heading-left fusion-responsive-typography-calculated\" style=\"margin:0;--fontSize:62;line-height:1.03;\">Presentaciones finales<\/h3><\/div><div class=\"fusion-text fusion-text-1\"><p>Vea a los miembros de la FFA en acci\u00f3n mientras compiten por los honores nacionales al tiempo que muestran las habilidades que han aprendido en las \u00e1reas de liderazgo de primer nivel, crecimiento personal y \u00e9xito profesional. Los eventos de las Presentaciones Finales est\u00e1n abiertos a todos los asistentes e invitados de la convenci\u00f3n y la exposici\u00f3n. Tambi\u00e9n se retransmitir\u00e1n por streaming. Las presentaciones tendr\u00e1n lugar en cinco lugares dentro del Indiana Convention Center (ICC): 500 Ballroom; Wabash Room 1-2; ICC Rooms 120-122; ICC Rooms 126-128; y ICC Rooms 101-103.<\/p>\n<p>El calendario de presentaciones finales se publicar\u00e1 en el verano de 2026.<\/p>\n<\/div><\/div><\/div><\/div><\/div><\/p>","protected":false},"excerpt":{"rendered":"","protected":false},"author":42,"featured_media":0,"parent":0,"menu_order":0,"comment_status":"closed","ping_status":"closed","template":"100-width.php","meta":{"_acf_changed":false,"footnotes":""},"class_list":["post-10059","page","type-page","status-publish","hentry"],"acf":[],"_links":{"self":[{"href":"https:\/\/convention.ffa.org\/espanol\/wp-json\/wp\/v2\/pages\/10059","targetHints":{"allow":["GET"]}}],"collection":[{"href":"https:\/\/convention.ffa.org\/espanol\/wp-json\/wp\/v2\/pages"}],"about":[{"href":"https:\/\/convention.ffa.org\/espanol\/wp-json\/wp\/v2\/types\/page"}],"author":[{"embeddable":true,"href":"https:\/\/convention.ffa.org\/espanol\/wp-json\/wp\/v2\/users\/42"}],"replies":[{"embeddable":true,"href":"https:\/\/convention.ffa.org\/espanol\/wp-json\/wp\/v2\/comments?post=10059"}],"version-history":[{"count":52,"href":"https:\/\/convention.ffa.org\/espanol\/wp-json\/wp\/v2\/pages\/10059\/revisions"}],"predecessor-version":[{"id":14761,"href":"https:\/\/convention.ffa.org\/espanol\/wp-json\/wp\/v2\/pages\/10059\/revisions\/14761"}],"wp:attachment":[{"href":"https:\/\/convention.ffa.org\/espanol\/wp-json\/wp\/v2\/media?parent=10059"}],"curies":[{"name":"wp","href":"https:\/\/api.w.org\/{rel}","templated":true}]}}