{"id":110,"date":"2018-04-02T15:01:28","date_gmt":"2018-04-02T19:01:28","guid":{"rendered":"https:\/\/convention.ffa.org\/?page_id=110"},"modified":"2026-05-04T12:02:06","modified_gmt":"2026-05-04T16:02:06","slug":"housing","status":"publish","type":"page","link":"https:\/\/convention.ffa.org\/espanol\/housing\/","title":{"rendered":"Vivienda"},"content":{"rendered":"<p><div class=\"fusion-fullwidth fullwidth-box fusion-builder-row-1 fusion-flex-container has-pattern-background has-mask-background nonhundred-percent-fullwidth non-hundred-percent-height-scrolling\" style=\"--awb-border-radius-top-left:0px;--awb-border-radius-top-right:0px;--awb-border-radius-bottom-right:0px;--awb-border-radius-bottom-left:0px;--awb-padding-right:0px;--awb-padding-bottom:0px;--awb-margin-top:0px;--awb-margin-bottom:0px;--awb-flex-wrap:wrap;\" ><div class=\"fusion-builder-row fusion-row fusion-flex-align-items-flex-start fusion-flex-content-wrap\" style=\"max-width:calc( 1400px + 0px );margin-left: calc(-0px \/ 2 );margin-right: calc(-0px \/ 2 );\"><div class=\"fusion-layout-column fusion_builder_column fusion-builder-column-0 fusion_builder_column_1_1 1_1 fusion-flex-column\" style=\"--awb-padding-right:0px;--awb-padding-left:0px;--awb-bg-size:cover;--awb-width-large:100%;--awb-margin-top-large:0px;--awb-spacing-right-large:0px;--awb-margin-bottom-large:0px;--awb-spacing-left-large:0px;--awb-width-medium:100%;--awb-spacing-right-medium:0px;--awb-spacing-left-medium:0px;--awb-width-small:100%;--awb-order-small:1;--awb-spacing-right-small:0px;--awb-spacing-left-small:0px;\"><div class=\"fusion-column-wrapper fusion-column-has-shadow fusion-flex-justify-content-flex-start fusion-content-layout-column\"><div class=\"fusion-title title fusion-title-1 fusion-sep-none fusion-title-text fusion-title-size-three\" style=\"--awb-margin-top:2%;--awb-margin-left:30px;--awb-margin-top-small:2%;--awb-margin-right-small:0px;--awb-margin-bottom-small:2%;--awb-margin-left-small:0px;\"><h3 class=\"fusion-title-heading title-heading-left fusion-responsive-typography-calculated\" style=\"margin:0;--fontSize:62;line-height:1.03;\">Vivienda<\/h3><\/div><div class=\"fusion-modal modal fade modal-1 ChapterWebinar\" tabindex=\"-1\" role=\"dialog\" aria-labelledby=\"modal-heading-1\" aria-hidden=\"true\" style=\"--awb-border-color:#ebebeb;--awb-background:#f6f6f6;\"><div class=\"modal-dialog modal-lg\" role=\"document\"><div class=\"modal-content fusion-modal-content\"><div class=\"modal-header\"><button class=\"close\" type=\"button\" data-dismiss=\"modal\" aria-hidden=\"true\" aria-label=\"Cerrar\">\u00d7<\/button><h3 class=\"modal-title\" id=\"modal-heading-1\" data-dismiss=\"modal\" aria-hidden=\"true\">Seminario web sobre vivienda de la secci\u00f3n<\/h3><\/div><div class=\"modal-body fusion-clearfix\">\n<div class=\"fusion-video fusion-vimeo fusion-aligncenter\" style=\"--awb-max-width:1000px;--awb-max-height:563px;--awb-width:100%;\" data-autoplay=\"1\"><div class=\"video-shortcode\"><div class=\"fluid-width-video-wrapper\" style=\"padding-top:56.3%;\" ><iframe title=\"Reproductor de v\u00eddeo Vimeo 1\" src=\"https:\/\/player.vimeo.com\/video\/1189089794?autoplay=1&amp;autopause=0&amp;muted=1\" width=\"1000\" height=\"563\" allowfullscreen allow=\"autoplay; fullscreen\"><\/iframe><\/div><\/div><\/div>\n<\/div><div class=\"modal-footer\"><button class=\"fusion-button button-default button-medium button default medium\" type=\"button\" data-dismiss=\"modal\">Cerrar<\/button><\/div><\/div><\/div><\/div><div class=\"fusion-modal modal fade modal-2 StateWebinar\" tabindex=\"-1\" role=\"dialog\" aria-labelledby=\"modal-heading-2\" aria-hidden=\"true\" style=\"--awb-border-color:#ebebeb;--awb-background:#f6f6f6;\"><div class=\"modal-dialog modal-lg\" role=\"document\"><div class=\"modal-content fusion-modal-content\"><div class=\"modal-header\"><button class=\"close\" type=\"button\" data-dismiss=\"modal\" aria-hidden=\"true\" aria-label=\"Cerrar\">\u00d7<\/button><h3 class=\"modal-title\" id=\"modal-heading-2\" data-dismiss=\"modal\" aria-hidden=\"true\">Webinar sobre vivienda para el personal del Estado<\/h3><\/div><div class=\"modal-body fusion-clearfix\"><div class=\"fusion-video fusion-vimeo fusion-aligncenter\" style=\"--awb-max-width:1000px;--awb-max-height:563px;--awb-width:100%;\" data-autoplay=\"1\"><div class=\"video-shortcode\"><div class=\"fluid-width-video-wrapper\" style=\"padding-top:56.3%;\" ><iframe title=\"Reproductor de v\u00eddeo Vimeo 2\" src=\"https:\/\/player.vimeo.com\/video\/1080330391?autoplay=1&amp;autopause=0&amp;muted=1\" width=\"1000\" height=\"563\" allowfullscreen allow=\"autoplay; fullscreen\"><\/iframe><\/div><\/div><\/div><\/div><div class=\"modal-footer\"><button class=\"fusion-button button-default button-medium button default medium\" type=\"button\" data-dismiss=\"modal\">Cerrar<\/button><\/div><\/div><\/div><\/div><\/div><\/div><\/div><\/div><div class=\"fusion-fullwidth fullwidth-box fusion-builder-row-2 fusion-flex-container has-pattern-background has-mask-background nonhundred-percent-fullwidth non-hundred-percent-height-scrolling\" style=\"--awb-border-radius-top-left:0px;--awb-border-radius-top-right:0px;--awb-border-radius-bottom-right:0px;--awb-border-radius-bottom-left:0px;--awb-margin-top:0px;--awb-margin-bottom:0px;--awb-flex-wrap:wrap;\" ><div class=\"fusion-builder-row fusion-row fusion-flex-align-items-flex-start fusion-flex-content-wrap\" style=\"max-width:1456px;margin-left: calc(-4% \/ 2 );margin-right: calc(-4% \/ 2 );\"><div class=\"fusion-layout-column fusion_builder_column fusion-builder-column-1 fusion_builder_column_1_2 1_2 fusion-flex-column\" style=\"--awb-bg-size:cover;--awb-width-large:50%;--awb-margin-top-large:0px;--awb-spacing-right-large:1.92%;--awb-margin-bottom-large:0px;--awb-spacing-left-large:1.92%;--awb-width-medium:50%;--awb-order-medium:0;--awb-spacing-right-medium:1.92%;--awb-spacing-left-medium:1.92%;--awb-width-small:100%;--awb-order-small:0;--awb-spacing-right-small:1.92%;--awb-spacing-left-small:1.92%;\" data-scroll-devices=\"small-visibility,medium-visibility,large-visibility\"><div class=\"fusion-column-wrapper fusion-column-has-shadow fusion-flex-justify-content-flex-start fusion-content-layout-column\"><div style=\"text-align:center;\"><a class=\"fusion-button button-flat fusion-button-default-size button-default fusion-button-default button-1 fusion-button-span-yes fusion-button-default-type\" style=\"--awb-margin-top:10px;--awb-margin-bottom:10px;--awb-padding-top:20px;--awb-padding-bottom:20px;\" target=\"_blank\" rel=\"noopener noreferrer\" title=\"Preguntas frecuentes sobre la vivienda del Cap\u00edtulo 2024\" aria-label=\"Preguntas frecuentes sobre la vivienda del Cap\u00edtulo 2024\" href=\"https:\/\/ffa.box.com\/v\/ChapterHousingFAQ\"><span class=\"fusion-button-text awb-button__text awb-button__text--default\">Preguntas frecuentes del cap\u00edtulo<\/span><\/a><\/div><div style=\"text-align:center;\"><a class=\"fusion-button button-flat fusion-button-default-size button-default fusion-button-default button-2 fusion-button-span-yes fusion-button-default-type\" style=\"--awb-margin-top:10px;--awb-margin-bottom:10px;--awb-padding-top:20px;--awb-padding-bottom:20px;\" target=\"_blank\" rel=\"noopener noreferrer\" title=\"Lista de viviendas del cap\u00edtulo\" aria-label=\"Lista de viviendas del cap\u00edtulo\" href=\"https:\/\/ffa.box.com\/s\/pybkbmjpqaw4b9dphb8znig771y0sqfw\"><span class=\"fusion-button-text awb-button__text awb-button__text--default\">Lista de hoteles por cap\u00edtulo<\/span><\/a><\/div><div style=\"text-align:center;\"><a class=\"fusion-button button-flat fusion-button-default-size button-default fusion-button-default button-3 fusion-button-span-yes fusion-button-default-type\" style=\"--awb-margin-top:10px;--awb-margin-bottom:10px;--awb-padding-top:20px;--awb-padding-bottom:20px;\" target=\"_self\" href=\"#\" data-toggle=\"modal\" data-target=\".fusion-modal.ChapterWebinar\"><span class=\"fusion-button-text awb-button__text awb-button__text--default\">Seminario web sobre vivienda de la secci\u00f3n<\/span><\/a><\/div><div style=\"text-align:center;\"><a class=\"fusion-button button-flat fusion-button-default-size button-default fusion-button-default button-4 fusion-button-span-yes fusion-button-default-type\" style=\"--awb-margin-top:10px;--awb-margin-bottom:10px;--awb-padding-top:20px;--awb-padding-bottom:20px;\" target=\"_blank\" rel=\"noopener noreferrer\" title=\"2024 Preguntas frecuentes sobre alojamiento para expositores, patrocinadores y antiguos alumnos\" aria-label=\"2024 Preguntas frecuentes sobre alojamiento para expositores, patrocinadores y antiguos alumnos\" href=\"https:\/\/ffa.box.com\/s\/guvv0qneztyveo4vuebamo58sqqyzqut\"><span class=\"fusion-button-text awb-button__text awb-button__text--default\">Preguntas frecuentes para patrocinadores de la Expo<\/span><\/a><\/div><div style=\"text-align:center;\"><a class=\"fusion-button button-flat fusion-button-default-size button-default fusion-button-default button-5 fusion-button-span-yes fusion-button-default-type\" style=\"--awb-margin-top:10px;--awb-margin-bottom:10px;--awb-padding-top:20px;--awb-padding-bottom:20px;\" target=\"_blank\" rel=\"noopener noreferrer\" title=\"2024 Lista de hoteles para expositores, patrocinadores y antiguos alumnos\" aria-label=\"2024 Lista de hoteles para expositores, patrocinadores y antiguos alumnos\" href=\"https:\/\/ffa.box.com\/s\/pjmiog9wami1jybc7ph1yzs77huzxc1k\"><span class=\"fusion-button-text awb-button__text awb-button__text--default\">Lista de hoteles patrocinadores de la Expo<\/span><\/a><\/div><div style=\"text-align:center;\"><a class=\"fusion-button button-flat fusion-button-default-size button-default fusion-button-default button-6 fusion-button-span-yes fusion-button-default-type\" style=\"--awb-margin-top:10px;--awb-margin-bottom:10px;--awb-padding-top:20px;--awb-padding-bottom:20px;\" target=\"_blank\" rel=\"noopener noreferrer\" title=\"2024 Lista de hoteles para expositores, patrocinadores y antiguos alumnos\" aria-label=\"2024 Lista de hoteles para expositores, patrocinadores y antiguos alumnos\" href=\"https:\/\/ffa.box.com\/s\/st8q52xrhcqytrz6db7gmh62h9b08ole\"><span class=\"fusion-button-text awb-button__text awb-button__text--default\">Mapa de la zona del hotel<\/span><\/a><\/div><\/div><\/div><\/div><\/div><div class=\"fusion-fullwidth fullwidth-box fusion-builder-row-3 fusion-flex-container has-pattern-background has-mask-background nonhundred-percent-fullwidth non-hundred-percent-height-scrolling\" style=\"--awb-border-radius-top-left:0px;--awb-border-radius-top-right:0px;--awb-border-radius-bottom-right:0px;--awb-border-radius-bottom-left:0px;--awb-padding-top:0px;--awb-padding-bottom:0px;--awb-margin-top:0px;--awb-flex-wrap:wrap;\" ><div class=\"fusion-builder-row fusion-row fusion-flex-align-items-flex-start fusion-flex-content-wrap\" style=\"max-width:1456px;margin-left: calc(-4% \/ 2 );margin-right: calc(-4% \/ 2 );\"><div class=\"fusion-layout-column fusion_builder_column fusion-builder-column-2 fusion_builder_column_1_1 1_1 fusion-flex-column\" style=\"--awb-bg-size:cover;--awb-width-large:100%;--awb-margin-top-large:0px;--awb-spacing-right-large:1.92%;--awb-margin-bottom-large:0px;--awb-spacing-left-large:1.92%;--awb-width-medium:100%;--awb-order-medium:0;--awb-spacing-right-medium:1.92%;--awb-spacing-left-medium:1.92%;--awb-width-small:100%;--awb-order-small:0;--awb-spacing-right-small:1.92%;--awb-spacing-left-small:1.92%;\"><div class=\"fusion-column-wrapper fusion-column-has-shadow fusion-flex-justify-content-flex-start fusion-content-layout-column\"><div class=\"fusion-text fusion-text-1\" style=\"--awb-margin-right:30px;--awb-margin-left:30px;\"><ul>\n<li><strong>Se abre la vivienda - <\/strong>13 de mayo de 2026, a las 18:00 h (hora del este)<\/li>\n<li><strong>\u00daltimo d\u00eda para cancelar sin penalizaci\u00f3n - <\/strong>2 de septiembre de 2026, a las 17:00 h (hora del este)<\/li>\n<li><b>Cierre de viviendas<\/b> \u2014 23 de septiembre de 2026, a las 17:00 h (hora del este)<\/li>\n<\/ul>\n<\/div><\/div><\/div><\/div><\/div><\/p>","protected":false},"excerpt":{"rendered":"","protected":false},"author":42,"featured_media":13044,"parent":0,"menu_order":0,"comment_status":"closed","ping_status":"closed","template":"100-width.php","meta":{"_acf_changed":false,"footnotes":""},"class_list":["post-110","page","type-page","status-publish","has-post-thumbnail","hentry"],"acf":[],"_links":{"self":[{"href":"https:\/\/convention.ffa.org\/espanol\/wp-json\/wp\/v2\/pages\/110","targetHints":{"allow":["GET"]}}],"collection":[{"href":"https:\/\/convention.ffa.org\/espanol\/wp-json\/wp\/v2\/pages"}],"about":[{"href":"https:\/\/convention.ffa.org\/espanol\/wp-json\/wp\/v2\/types\/page"}],"author":[{"embeddable":true,"href":"https:\/\/convention.ffa.org\/espanol\/wp-json\/wp\/v2\/users\/42"}],"replies":[{"embeddable":true,"href":"https:\/\/convention.ffa.org\/espanol\/wp-json\/wp\/v2\/comments?post=110"}],"version-history":[{"count":173,"href":"https:\/\/convention.ffa.org\/espanol\/wp-json\/wp\/v2\/pages\/110\/revisions"}],"predecessor-version":[{"id":14790,"href":"https:\/\/convention.ffa.org\/espanol\/wp-json\/wp\/v2\/pages\/110\/revisions\/14790"}],"wp:featuredmedia":[{"embeddable":true,"href":"https:\/\/convention.ffa.org\/espanol\/wp-json\/wp\/v2\/media\/13044"}],"wp:attachment":[{"href":"https:\/\/convention.ffa.org\/espanol\/wp-json\/wp\/v2\/media?parent=110"}],"curies":[{"name":"wp","href":"https:\/\/api.w.org\/{rel}","templated":true}]}}