{"id":14535,"date":"2025-08-12T15:37:57","date_gmt":"2025-08-12T19:37:57","guid":{"rendered":"https:\/\/convention.ffa.org\/?page_id=14535"},"modified":"2026-03-18T16:04:56","modified_gmt":"2026-03-18T20:04:56","slug":"entertainment","status":"publish","type":"page","link":"https:\/\/convention.ffa.org\/espanol\/entertainment\/","title":{"rendered":"Entretenimiento"},"content":{"rendered":"<p><div class=\"fusion-fullwidth fullwidth-box fusion-builder-row-1 fusion-flex-container has-pattern-background has-mask-background nonhundred-percent-fullwidth non-hundred-percent-height-scrolling\" style=\"--awb-border-radius-top-left:0px;--awb-border-radius-top-right:0px;--awb-border-radius-bottom-right:0px;--awb-border-radius-bottom-left:0px;--awb-padding-top:0px;--awb-padding-right:1%;--awb-padding-bottom:3%;--awb-padding-left:1%;--awb-margin-top:0px;--awb-margin-bottom:0px;--awb-flex-wrap:wrap;\" ><div class=\"fusion-builder-row fusion-row fusion-flex-align-items-flex-start fusion-flex-content-wrap\" style=\"max-width:1456px;margin-left: calc(-4% \/ 2 );margin-right: calc(-4% \/ 2 );\"><div class=\"fusion-layout-column fusion_builder_column fusion-builder-column-0 fusion_builder_column_1_1 1_1 fusion-flex-column\" style=\"--awb-bg-size:cover;--awb-width-large:100%;--awb-margin-top-large:0px;--awb-spacing-right-large:1.92%;--awb-margin-bottom-large:0px;--awb-spacing-left-large:1.92%;--awb-width-medium:100%;--awb-spacing-right-medium:1.92%;--awb-spacing-left-medium:1.92%;--awb-width-small:100%;--awb-spacing-right-small:1.92%;--awb-spacing-left-small:1.92%;\"><div class=\"fusion-column-wrapper fusion-column-has-shadow fusion-flex-justify-content-center fusion-content-layout-column\"><div class=\"fusion-title title fusion-title-1 fusion-sep-none fusion-title-text fusion-title-size-three\" style=\"--awb-margin-top:3%;--awb-margin-bottom:3%;--awb-margin-top-small:0px;--awb-margin-right-small:0px;--awb-margin-bottom-small:3%;--awb-margin-left-small:0px;\"><h3 class=\"fusion-title-heading title-heading-left fusion-responsive-typography-calculated\" style=\"font-family:var(--awb-typography1-font-family);font-weight:var(--awb-typography1-font-weight);font-style:var(--awb-typography1-font-style);margin:0;text-transform:uppercase;--fontSize:62;line-height:1.03;\">Entretenimiento<\/h3><\/div><\/div><\/div><div class=\"fusion-layout-column fusion_builder_column fusion-builder-column-1 fusion_builder_column_1_1 1_1 fusion-flex-column\" style=\"--awb-bg-size:cover;--awb-width-large:100%;--awb-margin-top-large:0px;--awb-spacing-right-large:1.92%;--awb-margin-bottom-large:0px;--awb-spacing-left-large:1.92%;--awb-width-medium:100%;--awb-order-medium:0;--awb-spacing-right-medium:1.92%;--awb-spacing-left-medium:1.92%;--awb-width-small:100%;--awb-order-small:0;--awb-spacing-right-small:1.92%;--awb-spacing-left-small:1.92%;\"><div class=\"fusion-column-wrapper fusion-column-has-shadow fusion-flex-justify-content-flex-start fusion-content-layout-column\"><div class=\"fusion-title title fusion-title-2 fusion-sep-none fusion-title-text fusion-title-size-four\" style=\"--awb-margin-top-small:0px;--awb-margin-right-small:0px;--awb-margin-bottom-small:2%;--awb-margin-left-small:0px;\"><h4 class=\"fusion-title-heading title-heading-left fusion-responsive-typography-calculated\" style=\"margin:0;--fontSize:42;line-height:0.95;\"><h4 style=\"text-align: center;\"><strong>Concierto de la Convenci\u00f3n<\/strong><\/h4><\/h4><\/div><div class=\"fusion-text fusion-text-1\" style=\"--awb-font-size:20px;--awb-line-height:24px;\"><p style=\"text-align: center;\">Fecha del concierto: mi\u00e9rcoles, 21 de octubre de 2026, a las 19:30 h (hora del este); apertura de puertas a las 18:30 h (hora del este)<\/p>\n<p style=\"text-align: center;\">Se trata de un acto privado reservado a los asistentes inscritos.<\/p>\n<p style=\"text-align: center;\">Pr\u00f3ximamente se anunciar\u00e1 el concierto de la convenci\u00f3n para el verano de 2026.<\/p>\n<\/div><\/div><\/div><\/div><\/div><div class=\"fusion-fullwidth fullwidth-box fusion-builder-row-2 fusion-flex-container has-pattern-background has-mask-background nonhundred-percent-fullwidth non-hundred-percent-height-scrolling\" style=\"--awb-border-radius-top-left:0px;--awb-border-radius-top-right:0px;--awb-border-radius-bottom-right:0px;--awb-border-radius-bottom-left:0px;--awb-padding-top:30px;--awb-padding-bottom:30px;--awb-margin-top:0px;--awb-margin-bottom:0px;--awb-background-color:#3ea9da;--awb-flex-wrap:wrap;\" ><div class=\"fusion-builder-row fusion-row fusion-flex-align-items-stretch fusion-flex-content-wrap\" style=\"max-width:1456px;margin-left: calc(-4% \/ 2 );margin-right: calc(-4% \/ 2 );\"><div class=\"fusion-layout-column fusion_builder_column fusion-builder-column-2 fusion_builder_column_1_2 1_2 fusion-flex-column\" style=\"--awb-bg-blend:overlay;--awb-bg-size:cover;--awb-width-large:50%;--awb-margin-top-large:0px;--awb-spacing-right-large:0%;--awb-margin-bottom-large:0px;--awb-spacing-left-large:3.84%;--awb-width-medium:50%;--awb-spacing-right-medium:0%;--awb-spacing-left-medium:3.84%;--awb-width-small:100%;--awb-spacing-right-small:1.92%;--awb-spacing-left-small:1.92%;\"><div class=\"fusion-column-wrapper fusion-column-has-shadow fusion-flex-justify-content-center fusion-content-layout-column\"><div class=\"fusion-title title fusion-title-3 fusion-sep-none fusion-title-text fusion-title-size-one\" style=\"--awb-margin-top-small:0px;--awb-margin-right-small:0px;--awb-margin-bottom-small:2%;--awb-margin-left-small:0px;\"><h1 class=\"fusion-title-heading title-heading-left fusion-responsive-typography-calculated\" style=\"margin:0;--fontSize:72;line-height:1.08;\"><p>Concierto<br \/>\nPatrocinado por<\/p><\/h1><\/div><\/div><\/div><div class=\"fusion-layout-column fusion_builder_column fusion-builder-column-3 fusion_builder_column_1_2 1_2 fusion-flex-column\" style=\"--awb-bg-size:cover;--awb-width-large:50%;--awb-margin-top-large:0px;--awb-spacing-right-large:3.84%;--awb-margin-bottom-large:0px;--awb-spacing-left-large:0%;--awb-width-medium:50%;--awb-order-medium:0;--awb-spacing-right-medium:3.84%;--awb-spacing-left-medium:0%;--awb-width-small:100%;--awb-order-small:0;--awb-spacing-right-small:1.92%;--awb-spacing-left-small:1.92%;\" data-scroll-devices=\"small-visibility,medium-visibility,large-visibility\"><div class=\"fusion-column-wrapper fusion-column-has-shadow fusion-flex-justify-content-center fusion-content-layout-column\"><div class=\"fusion-image-element\" style=\"text-align:center;--awb-max-width:300px;--awb-caption-title-font-family:var(--h2_typography-font-family);--awb-caption-title-font-weight:var(--h2_typography-font-weight);--awb-caption-title-font-style:var(--h2_typography-font-style);--awb-caption-title-size:var(--h2_typography-font-size);--awb-caption-title-transform:var(--h2_typography-text-transform);--awb-caption-title-line-height:var(--h2_typography-line-height);--awb-caption-title-letter-spacing:var(--h2_typography-letter-spacing);\"><span class=\"fusion-imageframe imageframe-none imageframe-1 hover-type-none\"><img decoding=\"async\" width=\"400\" height=\"230\" alt=\"sponsor_culvers_400x230px\" title=\"sponsor_culvers_400x230px\" src=\"https:\/\/convention.ffa.org\/wp-content\/uploads\/2024\/08\/sponsor_culvers_400x230px.png\" data-orig-src=\"https:\/\/convention.ffa.org\/wp-content\/uploads\/2024\/08\/sponsor_culvers_400x230px.png\" class=\"lazyload img-responsive wp-image-14008\" srcset=\"data:image\/svg+xml,%3Csvg%20xmlns%3D%27http%3A%2F%2Fwww.w3.org%2F2000%2Fsvg%27%20width%3D%27400%27%20height%3D%27230%27%20viewBox%3D%270%200%20400%20230%27%3E%3Crect%20width%3D%27400%27%20height%3D%27230%27%20fill-opacity%3D%220%22%2F%3E%3C%2Fsvg%3E\" data-srcset=\"https:\/\/convention.ffa.org\/wp-content\/uploads\/2024\/08\/sponsor_culvers_400x230px-200x115.png 200w, https:\/\/convention.ffa.org\/wp-content\/uploads\/2024\/08\/sponsor_culvers_400x230px.png 400w\" data-sizes=\"auto\" data-orig-sizes=\"(max-width: 640px) 100vw, 400px\" \/><\/span><\/div><\/div><\/div><\/div><\/div><div class=\"fusion-fullwidth fullwidth-box fusion-builder-row-3 fusion-flex-container has-pattern-background has-mask-background nonhundred-percent-fullwidth non-hundred-percent-height-scrolling\" style=\"--awb-border-radius-top-left:0px;--awb-border-radius-top-right:0px;--awb-border-radius-bottom-right:0px;--awb-border-radius-bottom-left:0px;--awb-padding-top:0px;--awb-padding-right:0px;--awb-padding-bottom:0px;--awb-padding-left:0px;--awb-margin-top:0px;--awb-margin-bottom:0px;--awb-background-color:#df591d;--awb-flex-wrap:wrap;\" ><div class=\"fusion-builder-row fusion-row fusion-flex-align-items-stretch fusion-flex-content-wrap\" style=\"max-width:1400px;margin-left: calc(-0% \/ 2 );margin-right: calc(-0% \/ 2 );\"><div class=\"fusion-layout-column fusion_builder_column fusion-builder-column-4 fusion_builder_column_1_2 1_2 fusion-flex-column fusion-flex-align-self-stretch\" style=\"--awb-padding-right:30px;--awb-padding-left:30px;--awb-bg-color:#df591d;--awb-bg-color-hover:#df591d;--awb-bg-size:cover;--awb-width-large:50%;--awb-margin-top-large:0px;--awb-spacing-right-large:0%;--awb-margin-bottom-large:0px;--awb-spacing-left-large:0%;--awb-width-medium:50%;--awb-order-medium:0;--awb-spacing-right-medium:0%;--awb-spacing-left-medium:0%;--awb-width-small:100%;--awb-order-small:0;--awb-spacing-right-small:0%;--awb-spacing-left-small:0%;\"><div class=\"fusion-column-wrapper fusion-column-has-shadow fusion-flex-justify-content-center fusion-content-layout-column\"><div class=\"fusion-title title fusion-title-4 fusion-sep-none fusion-title-text fusion-title-size-three EventDetailsColor, EntertainmentHeader\" style=\"--awb-text-color:#ffffff;--awb-margin-top-small:0px;--awb-margin-right-small:0px;--awb-margin-bottom-small:2%;--awb-margin-left-small:0px;--awb-font-size:36px;\"><h3 class=\"fusion-title-heading title-heading-left fusion-responsive-typography-calculated\" style=\"margin:0;letter-spacing:;font-size:1em;--fontSize:36;line-height:1.4;\"><p>RODEO DE LAS TRES COLINAS<\/p>\n<p><span style=\"font-family: Montserrat; font-weight: 800;\" data-fusion-font=\"true\" data-fusion-google-font=\"Montserrat\" data-fusion-google-variant=\"800\">EDICI\u00d3N FFA<\/span><\/p>\n<p>&nbsp;<\/p><\/h3><\/div><div class=\"fusion-text fusion-text-2 EventDetailsColor\"><p>Se trata de un acto privado reservado a los asistentes inscritos.<\/p>\n<p>Corteva Coliseum (Recinto Ferial del Estado de Indiana)<\/p>\n<p><strong>Espect\u00e1culos nocturnos: Mi\u00e9rcoles, jueves y viernes<br \/><\/strong>Las puertas se abren a las 5 p.m. EDT<br \/>Los espect\u00e1culos comienzan a las 6:30 p.m. EDT<\/p>\n<p><strong>Matin\u00e9e: Viernes<\/strong><br \/>Apertura de puertas al mediod\u00eda EDT<br \/>El espect\u00e1culo comienza a las 13.30 h EDT<\/p>\n<p style=\"text-align: left;\">Los rodeos son eventos privados s\u00f3lo para asistentes inscritos.<\/p>\n<p style=\"text-align: left;\">Para m\u00e1s informaci\u00f3n, consulte el correo electr\u00f3nico de confirmaci\u00f3n de su inscripci\u00f3n.<\/p>\n<\/div><div class=\"fusion-text fusion-text-3\"><div class=\"lshowcase-clear-both\">&nbsp;<\/div><div class=\"lshowcase-logos\"><div class='lshowcase-flex' ><div  data-entry-id='11489' class='lshowcase-thumb lshowcase-normal lshowcase-box-4 ls-cargill ls-platinum-sponsors'><div style=\"padding:10%;\" class=\"lshowcase-wrap-responsive\"><div data-entry-id=\"11489\" class=\"lshowcase-boxInner\"><img data-original-title='Cargill' data-entry-id='11489' src='https:\/\/convention.ffa.org\/wp-content\/uploads\/2022\/08\/sponsor_cargill_400x230px.png'  width='400'  height = '230'  alt='Cargill' title='' class='lshowcase-thumb'  \/><\/div><\/div><\/div><div  data-entry-id='14016' class='lshowcase-thumb lshowcase-normal lshowcase-box-4 ls-claas-white'><div style=\"padding:10%;\" class=\"lshowcase-wrap-responsive\"><div data-entry-id=\"14016\" class=\"lshowcase-boxInner\"><img data-original-title='CLAAS' data-entry-id='14016' src='https:\/\/convention.ffa.org\/wp-content\/uploads\/2024\/08\/sponsor_CLAAS_400x230px-white.png'  width='400'  height = '230'  alt='CLAAS' title='' class='lshowcase-thumb'  \/><\/div><\/div><\/div><div  data-entry-id='11339' class='lshowcase-thumb lshowcase-normal lshowcase-box-4 ls-syngenta'><div style=\"padding:10%;\" class=\"lshowcase-wrap-responsive\"><div data-entry-id=\"11339\" class=\"lshowcase-boxInner\"><img data-original-title='Syngenta' data-entry-id='11339' src='https:\/\/convention.ffa.org\/wp-content\/uploads\/2021\/06\/sponsor_syngenta_400x230px.png'  width='400'  height = '230'  alt='Syngenta' title='' class='lshowcase-thumb'  \/><\/div><\/div><\/div><div  data-entry-id='14584' class='lshowcase-thumb lshowcase-normal lshowcase-box-4 ls-army'><div style=\"padding:10%;\" class=\"lshowcase-wrap-responsive\"><div data-entry-id=\"14584\" class=\"lshowcase-boxInner\"><img data-original-title='US Army' data-entry-id='14584' src='https:\/\/convention.ffa.org\/wp-content\/uploads\/2025\/09\/army_logo2_pos_rgb_300ppi.png'  width='1450'  height = '1812'  alt='US Army' title='' class='lshowcase-thumb'  \/><\/div><\/div><\/div><\/div><\/div><div class=\"lshowcase-clear-both\">&nbsp;<\/div>\n<\/div><\/div><\/div><div class=\"fusion-layout-column fusion_builder_column fusion-builder-column-5 fusion_builder_column_1_2 1_2 fusion-flex-column fusion-flex-align-self-stretch\" style=\"--awb-bg-size:cover;--awb-width-large:50%;--awb-margin-top-large:0px;--awb-spacing-right-large:0%;--awb-margin-bottom-large:0px;--awb-spacing-left-large:0%;--awb-width-medium:50%;--awb-spacing-right-medium:0%;--awb-spacing-left-medium:0%;--awb-width-small:100%;--awb-spacing-right-small:0%;--awb-spacing-left-small:0%;\"><div class=\"fusion-column-wrapper fusion-column-has-shadow fusion-flex-justify-content-center fusion-content-layout-column\"><div class=\"fusion-image-element\" style=\"text-align:center;--awb-caption-title-font-family:var(--h2_typography-font-family);--awb-caption-title-font-weight:var(--h2_typography-font-weight);--awb-caption-title-font-style:var(--h2_typography-font-style);--awb-caption-title-size:var(--h2_typography-font-size);--awb-caption-title-transform:var(--h2_typography-text-transform);--awb-caption-title-line-height:var(--h2_typography-line-height);--awb-caption-title-letter-spacing:var(--h2_typography-letter-spacing);\"><span class=\"fusion-imageframe imageframe-none imageframe-2 hover-type-none\"><img decoding=\"async\" width=\"700\" height=\"842\" alt=\"Rodeo - 700x842\" title=\"Rodeo - 700\u00d7842\" src=\"https:\/\/convention.ffa.org\/wp-content\/uploads\/2024\/09\/Rodeo-700x842-1.jpg\" data-orig-src=\"https:\/\/convention.ffa.org\/wp-content\/uploads\/2024\/09\/Rodeo-700x842-1.jpg\" class=\"lazyload img-responsive wp-image-14073\" srcset=\"data:image\/svg+xml,%3Csvg%20xmlns%3D%27http%3A%2F%2Fwww.w3.org%2F2000%2Fsvg%27%20width%3D%27700%27%20height%3D%27842%27%20viewBox%3D%270%200%20700%20842%27%3E%3Crect%20width%3D%27700%27%20height%3D%27842%27%20fill-opacity%3D%220%22%2F%3E%3C%2Fsvg%3E\" data-srcset=\"https:\/\/convention.ffa.org\/wp-content\/uploads\/2024\/09\/Rodeo-700x842-1-200x241.jpg 200w, https:\/\/convention.ffa.org\/wp-content\/uploads\/2024\/09\/Rodeo-700x842-1-400x481.jpg 400w, https:\/\/convention.ffa.org\/wp-content\/uploads\/2024\/09\/Rodeo-700x842-1-600x722.jpg 600w, https:\/\/convention.ffa.org\/wp-content\/uploads\/2024\/09\/Rodeo-700x842-1.jpg 700w\" data-sizes=\"auto\" data-orig-sizes=\"(max-width: 640px) 100vw, 700px\" \/><\/span><\/div><\/div><\/div><\/div><\/div><div class=\"fusion-fullwidth fullwidth-box fusion-builder-row-4 fusion-flex-container has-pattern-background has-mask-background hundred-percent-fullwidth non-hundred-percent-height-scrolling\" style=\"--awb-border-radius-top-left:0px;--awb-border-radius-top-right:0px;--awb-border-radius-bottom-right:0px;--awb-border-radius-bottom-left:0px;--awb-padding-top:0px;--awb-padding-right:0px;--awb-padding-bottom:0px;--awb-padding-left:0px;--awb-margin-top:0px;--awb-margin-bottom:0px;--awb-background-color:#004c97;--awb-flex-wrap:wrap;\" ><div class=\"fusion-builder-row fusion-row fusion-flex-align-items-center fusion-flex-justify-content-center fusion-flex-content-wrap\" style=\"width:104% !important;max-width:104% !important;margin-left: calc(-4% \/ 2 );margin-right: calc(-4% \/ 2 );\"><div class=\"fusion-layout-column fusion_builder_column fusion-builder-column-6 fusion_builder_column_1_1 1_1 fusion-flex-column fusion-flex-align-self-center EventDetailsColor\" style=\"--awb-padding-top:50px;--awb-padding-right:50px;--awb-padding-bottom:0px;--awb-padding-left:50px;--awb-bg-size:cover;--awb-width-large:100%;--awb-margin-top-large:0px;--awb-spacing-right-large:1.92%;--awb-margin-bottom-large:0px;--awb-spacing-left-large:0%;--awb-width-medium:100%;--awb-order-medium:0;--awb-spacing-right-medium:1.92%;--awb-spacing-left-medium:0%;--awb-width-small:100%;--awb-order-small:0;--awb-spacing-right-small:1.92%;--awb-spacing-left-small:1.92%;\" data-scroll-devices=\"small-visibility,medium-visibility,large-visibility\"><div class=\"fusion-column-wrapper fusion-column-has-shadow fusion-flex-justify-content-center fusion-content-layout-column\"><div class=\"fusion-title title fusion-title-5 fusion-sep-none fusion-title-text fusion-title-size-one EntertainmentHeader\" style=\"--awb-text-color:#ffffff;--awb-margin-top-small:0px;--awb-margin-right-small:0px;--awb-margin-bottom-small:2%;--awb-margin-left-small:0px;--awb-font-size:42px;\"><h1 class=\"fusion-title-heading title-heading-left fusion-responsive-typography-calculated\" style=\"margin:0;letter-spacing:;font-size:1em;--fontSize:42;line-height:1.76;\">Espect\u00e1culos de hipnotismo<\/h1><\/div><div class=\"fusion-text fusion-text-4 EventDetailsColor\"><p>Centro de Convenciones de Indiana, Sal\u00f3n Sagamore<\/p>\n<p><b>\u00a1Pr\u00f3ximamente habr\u00e1 informaci\u00f3n sobre el hipnotizador!<\/b><\/p>\n<\/div><\/div><\/div><\/div><\/div><div class=\"fusion-fullwidth fullwidth-box fusion-builder-row-5 fusion-flex-container hundred-percent-fullwidth non-hundred-percent-height-scrolling fusion-no-large-visibility\" style=\"--awb-border-radius-top-left:0px;--awb-border-radius-top-right:0px;--awb-border-radius-bottom-right:0px;--awb-border-radius-bottom-left:0px;--awb-margin-top:0px;--awb-margin-bottom:0px;--awb-flex-wrap:wrap;\" ><div class=\"fusion-builder-row fusion-row fusion-flex-align-items-stretch fusion-flex-content-wrap\" style=\"width:calc( 100% + 0px ) !important;max-width:calc( 100% + 0px ) !important;margin-left: calc(-0px \/ 2 );margin-right: calc(-0px \/ 2 );\"><div class=\"fusion-layout-column fusion_builder_column fusion-builder-column-7 fusion_builder_column_1_1 1_1 fusion-flex-column\" style=\"--awb-padding-top:0px;--awb-padding-right:0px;--awb-padding-bottom:0px;--awb-padding-left:0px;--awb-bg-position:center center;--awb-bg-blend:overlay;--awb-bg-size:cover;--awb-width-large:100%;--awb-margin-top-large:0px;--awb-spacing-right-large:0px;--awb-margin-bottom-large:0px;--awb-spacing-left-large:0px;--awb-width-medium:100%;--awb-spacing-right-medium:0px;--awb-spacing-left-medium:0px;--awb-width-small:100%;--awb-spacing-right-small:0px;--awb-spacing-left-small:0px;\"><div class=\"fusion-column-wrapper fusion-flex-justify-content-center fusion-content-layout-column\"><div class=\"fusion-social-links fusion-social-links-1 fusion-no-large-visibility\" style=\"--awb-margin-top:0px;--awb-margin-right:0px;--awb-margin-bottom:0px;--awb-margin-left:0px;--awb-alignment:center;--awb-box-border-top:0px;--awb-box-border-right:0px;--awb-box-border-bottom:0px;--awb-box-border-left:0px;--awb-icon-colors-hover:rgba(190,189,189,0.8);--awb-box-colors-hover:rgba(232,232,232,0.8);--awb-box-border-color:var(--awb-color3);--awb-box-border-color-hover:var(--awb-color4);\"><div class=\"fusion-social-networks color-type-custom\"><div class=\"fusion-social-networks-wrapper\"><a class=\"fusion-social-network-icon fusion-tooltip fusion-facebook awb-icon-facebook\" style=\"color:#333333;font-size:16px;\" data-placement=\"top\" data-title=\"Facebook\" data-toggle=\"tooltip\" title=\"Facebook\" aria-label=\"facebook\" target=\"_blank\" rel=\"noopener noreferrer\" href=\"https:\/\/www.facebook.com\/nationalffa\"><\/a><a class=\"fusion-social-network-icon fusion-tooltip fusion-twitter awb-icon-twitter\" style=\"color:#333333;font-size:16px;\" data-placement=\"top\" data-title=\"X\" data-toggle=\"tooltip\" title=\"X\" aria-label=\"twitter\" target=\"_blank\" rel=\"noopener noreferrer\" href=\"https:\/\/twitter.com\/nationalffa\"><\/a><a class=\"fusion-social-network-icon fusion-tooltip fusion-instagram awb-icon-instagram\" style=\"color:#333333;font-size:16px;\" data-placement=\"top\" data-title=\"Instagram\" data-toggle=\"tooltip\" title=\"Instagram\" aria-label=\"instagram\" target=\"_blank\" rel=\"noopener noreferrer\" href=\"https:\/\/www.instagram.com\/nationalffa\/\"><\/a><a class=\"fusion-social-network-icon fusion-tooltip fusion-youtube awb-icon-youtube\" style=\"color:#333333;font-size:16px;\" data-placement=\"top\" data-title=\"YouTube\" data-toggle=\"tooltip\" title=\"YouTube\" aria-label=\"youtube\" target=\"_blank\" rel=\"noopener noreferrer\" href=\"https:\/\/www.youtube.com\/user\/nationalffa\"><\/a><\/div><\/div><\/div><\/div><\/div><\/div><\/div>\n<\/p>","protected":false},"excerpt":{"rendered":"","protected":false},"author":46,"featured_media":0,"parent":0,"menu_order":0,"comment_status":"closed","ping_status":"closed","template":"100-width.php","meta":{"_acf_changed":false,"footnotes":""},"class_list":["post-14535","page","type-page","status-publish","hentry"],"acf":[],"_links":{"self":[{"href":"https:\/\/convention.ffa.org\/espanol\/wp-json\/wp\/v2\/pages\/14535","targetHints":{"allow":["GET"]}}],"collection":[{"href":"https:\/\/convention.ffa.org\/espanol\/wp-json\/wp\/v2\/pages"}],"about":[{"href":"https:\/\/convention.ffa.org\/espanol\/wp-json\/wp\/v2\/types\/page"}],"author":[{"embeddable":true,"href":"https:\/\/convention.ffa.org\/espanol\/wp-json\/wp\/v2\/users\/46"}],"replies":[{"embeddable":true,"href":"https:\/\/convention.ffa.org\/espanol\/wp-json\/wp\/v2\/comments?post=14535"}],"version-history":[{"count":14,"href":"https:\/\/convention.ffa.org\/espanol\/wp-json\/wp\/v2\/pages\/14535\/revisions"}],"predecessor-version":[{"id":14768,"href":"https:\/\/convention.ffa.org\/espanol\/wp-json\/wp\/v2\/pages\/14535\/revisions\/14768"}],"wp:attachment":[{"href":"https:\/\/convention.ffa.org\/espanol\/wp-json\/wp\/v2\/media?parent=14535"}],"curies":[{"name":"wp","href":"https:\/\/api.w.org\/{rel}","templated":true}]}}