{"id":157,"date":"2018-04-02T17:26:51","date_gmt":"2018-04-02T21:26:51","guid":{"rendered":"https:\/\/convention.ffa.org\/?page_id=157"},"modified":"2026-03-18T16:01:33","modified_gmt":"2026-03-18T20:01:33","slug":"awards-recognition","status":"publish","type":"page","link":"https:\/\/convention.ffa.org\/espanol\/awards-recognition\/","title":{"rendered":"Premios y reconocimientos"},"content":{"rendered":"<p><div class=\"fusion-fullwidth fullwidth-box fusion-builder-row-1 fusion-flex-container hundred-percent-fullwidth non-hundred-percent-height-scrolling\" style=\"--awb-background-position:center top;--awb-border-radius-top-left:0px;--awb-border-radius-top-right:0px;--awb-border-radius-bottom-right:0px;--awb-border-radius-bottom-left:0px;--awb-padding-top:30px;--awb-padding-right:30px;--awb-padding-bottom:0px;--awb-margin-top:3%;--awb-margin-bottom:0px;--awb-flex-wrap:wrap;\" ><div class=\"fusion-builder-row fusion-row fusion-flex-align-items-stretch fusion-flex-content-wrap\" style=\"width:calc( 100% + 0px ) !important;max-width:calc( 100% + 0px ) !important;margin-left: calc(-0px \/ 2 );margin-right: calc(-0px \/ 2 );\"><div class=\"fusion-layout-column fusion_builder_column fusion-builder-column-0 fusion_builder_column_1_1 1_1 fusion-flex-column\" style=\"--awb-bg-size:cover;--awb-width-large:100%;--awb-margin-top-large:0px;--awb-spacing-right-large:0px;--awb-margin-bottom-large:0px;--awb-spacing-left-large:0px;--awb-width-medium:100%;--awb-spacing-right-medium:0px;--awb-spacing-left-medium:0px;--awb-width-small:100%;--awb-spacing-right-small:0px;--awb-spacing-left-small:0px;\"><div class=\"fusion-column-wrapper fusion-column-has-shadow fusion-flex-justify-content-center fusion-content-layout-column\"><div class=\"fusion-title title fusion-title-1 fusion-sep-none fusion-title-text fusion-title-size-three\" style=\"--awb-margin-top-small:0px;--awb-margin-right-small:0px;--awb-margin-bottom-small:2%;--awb-margin-left-small:0px;\"><h3 class=\"fusion-title-heading title-heading-left fusion-responsive-typography-calculated\" style=\"margin:0;--fontSize:62;line-height:1.03;\">Premios y reconocimientos<\/h3><\/div><div class=\"fusion-title title fusion-title-2 fusion-sep-none fusion-title-text fusion-title-size-four\" style=\"--awb-margin-top-small:2%;--awb-margin-right-small:0px;--awb-margin-bottom-small:2%;--awb-margin-left-small:0px;\"><h4 class=\"fusion-title-heading title-heading-left fusion-responsive-typography-calculated\" style=\"margin:0;--fontSize:42;line-height:0.95;\">Celebrando a los miembros de la FFA<\/h4><\/div><div class=\"fusion-text fusion-text-1\"><p>Los miembros de la FFA de todo el pa\u00eds ser\u00e1n reconocidos en Indian\u00e1polis por sus maravillosos talentos y logros como individuos, equipos y cap\u00edtulos. Este reconocimiento nos permite celebrar los vastos talentos e intereses de nuestros miembros.<\/p>\n<p>Los premios y reconocimientos en la Convenci\u00f3n y Exposici\u00f3n Nacional de la FFA incluyen el\u00a0<strong>Premios a la excelencia agr\u00edcola<\/strong>, <strong>Feria Agr\u00edcola<\/strong>, <strong>T\u00edtulo de la FFA Americana<\/strong>, <strong>Premios American Star<\/strong>, <strong>Eventos de desarrollo de carrera y liderazgo, premios honor\u00edficos<\/strong> y <strong>Premios del Cap\u00edtulo Nacional<\/strong>.<\/p>\n<\/div><div class=\"fusion-separator fusion-full-width-sep\" style=\"align-self: center;margin-left: auto;margin-right: auto;margin-top:1%;margin-bottom:3%;width:100%;\"><div class=\"fusion-separator-border sep-single sep-solid\" style=\"--awb-height:20px;--awb-amount:20px;border-color:#25306d;border-top-width:1px;\"><\/div><\/div><div class=\"fusion-title title fusion-title-3 fusion-sep-none fusion-title-text fusion-title-size-four\" style=\"--awb-text-color:#dd3c27;--awb-margin-bottom:2%;--awb-margin-top-small:0px;--awb-margin-right-small:0px;--awb-margin-bottom-small:2%;--awb-margin-left-small:0px;\"><h4 class=\"fusion-title-heading title-heading-left fusion-responsive-typography-calculated\" style=\"margin:0;--fontSize:42;line-height:0.95;\">Actualizaciones sobre el evento de 2026<\/h4><\/div><div class=\"fusion-separator fusion-full-width-sep\" style=\"align-self: center;margin-left: auto;margin-right: auto;margin-top:1%;margin-bottom:3%;width:100%;\"><div class=\"fusion-separator-border sep-single sep-solid\" style=\"--awb-height:20px;--awb-amount:20px;border-color:#25306d;border-top-width:1px;\"><\/div><\/div><div class=\"fusion-text fusion-text-2\"><p><strong>Premios a la excelencia agr\u00edcola<\/strong><\/p>\n<ul>\n<li>Julio: Evaluaci\u00f3n de solicitudes<\/li>\n<li>Agosto: Se anuncian los resultados del jurado y se publican los paquetes de orientaci\u00f3n para los finalistas nacionales<\/li>\n<li>23-24 de septiembre: Finalista nacional <a href=\"https:\/\/ffa.app.box.com\/folder\/52145842451?s=pefjngaizrp2pt1nil00ewlcs2vtd5jx\">entrevistas virtuales <\/a>realizado <\/li>\n<li>22-23 de octubre: Reconocimiento a los finalistas nacionales y anuncio de los ganadores nacionales en el escenario de la Convenci\u00f3n y Exposici\u00f3n Nacional de la FFA<\/li>\n<\/ul>\n<p><a href=\"https:\/\/www.ffa.org\/participate\/awards\/proficiencies\/\" target=\"_blank\" rel=\"noopener\">\" Visite la p\u00e1gina de los premios a la excelencia agr\u00edcola<\/a><br \/>\u00bfPreguntas? P\u00f3ngase en contacto con <a href=\"mailto:proficiency@ffa.org\">proficiency@ffa.org<\/a><\/p>\n<\/div><div class=\"fusion-separator fusion-full-width-sep\" style=\"align-self: center;margin-left: auto;margin-right: auto;margin-top:1%;margin-bottom:3%;width:100%;\"><div class=\"fusion-separator-border sep-single sep-solid\" style=\"--awb-height:20px;--awb-amount:20px;border-color:#25306d;border-top-width:1px;\"><\/div><\/div><div class=\"fusion-text fusion-text-3\"><p><strong>Feria Agr\u00edcola<\/strong><\/p>\n<ul>\n<li>Julio: Evaluaci\u00f3n de solicitudes<\/li>\n<li>\n<div>Agosto: Se anuncian los resultados del jurado y se publican los paquetes de orientaci\u00f3n para los finalistas nacionales<\/div>\n<\/li>\n<li>\n<div>14-22 de septiembre: Entrevistas virtuales con los finalistas nacionales<\/div>\n<\/li>\n<li>\n<div>22-23 de octubre: Exposici\u00f3n de investigaciones, escenario de presentaciones de los estudiantes; reconocimiento a los finalistas nacionales y anuncio de los ganadores nacionales en el escenario de la Convenci\u00f3n y Exposici\u00f3n Nacional de la FFA<\/div>\n<\/li>\n<\/ul>\n<p><a href=\"https:\/\/www.ffa.org\/participate\/awards\/agriscience-fair\/\">\" Visite la p\u00e1gina del evento Agriscience<\/a><br \/>\u00bfPreguntas? P\u00f3ngase en contacto con <a href=\"mailto:agriscience@ffa.org\">agriscience@ffa.org<\/a><\/p>\n<\/div><div class=\"fusion-separator fusion-full-width-sep\" style=\"align-self: center;margin-left: auto;margin-right: auto;margin-top:1%;margin-bottom:3%;width:100%;\"><div class=\"fusion-separator-border sep-single sep-solid\" style=\"--awb-height:20px;--awb-amount:20px;border-color:#25306d;border-top-width:1px;\"><\/div><\/div><div class=\"fusion-text fusion-text-4\"><p><strong>T\u00edtulo de la FFA Americana<\/strong><\/p>\n<ul>\n<li>Agosto: Anuncio de los beneficiarios y disponibilidad de los paquetes de orientaci\u00f3n en l\u00ednea<\/li>\n<li>24 de octubre: Homenaje a los galardonados en el escenario de la Convenci\u00f3n y Exposici\u00f3n Nacional de la FFA<\/li>\n<\/ul>\n<p><a href=\"https:\/\/www.ffa.org\/participate\/awards\/american-ffa-degree\/\" target=\"_blank\" rel=\"noopener\">\" Visite la p\u00e1gina del t\u00edtulo de la American FFA<\/a><br \/>\u00bfTiene preguntas? P\u00f3ngase en contacto con <a href=\"mailto:americandegree@ffa.org\" target=\"_blank\" rel=\"noopener\">americandegree@ffa.org<\/a><\/p>\n<\/div><div class=\"fusion-separator fusion-full-width-sep\" style=\"align-self: center;margin-left: auto;margin-right: auto;margin-top:1%;margin-bottom:3%;width:100%;\"><div class=\"fusion-separator-border sep-single sep-solid\" style=\"--awb-height:20px;--awb-amount:20px;border-color:#25306d;border-top-width:1px;\"><\/div><\/div><div class=\"fusion-text fusion-text-5\"><p><strong>Eventos de Desarrollo de Carrera y Liderazgo<\/strong><\/p>\n<ul>\n<li>\n<div>Agosto: Paquetes de orientaci\u00f3n en l\u00ednea disponibles<\/div>\n<\/li>\n<li>\n<div>1 de septiembre: Fecha l\u00edmite para la certificaci\u00f3n y la carga de los documentos del concurso<\/div>\n<\/li>\n<li>\n<div>Septiembre y octubre: Sesiones informativas sobre eventos virtuales<\/div>\n<\/li>\n<li>\n<div>22-23 de octubre: Concurso de CDE y LDE, entrega de premios y reconocimiento de los finalistas en el escenario durante la Convenci\u00f3n y Exposici\u00f3n Nacional de la FFA<\/div>\n<\/li>\n<\/ul>\n<p><a href=\"https:\/\/www.ffa.org\/participate\/cde-lde\/\" target=\"_blank\" rel=\"noopener\">\" Visite la p\u00e1gina CDE\/LDE<\/a><br \/>\u00bfPreguntas? P\u00f3ngase en contacto con <a href=\"mailto:cde@ffa.org\" target=\"_blank\" rel=\"nofollow noreferrer noopener\"> cde@ffa.org<\/a><\/p>\n<\/div><div class=\"fusion-separator fusion-full-width-sep\" style=\"align-self: center;margin-left: auto;margin-right: auto;margin-top:1%;margin-bottom:3%;width:100%;\"><div class=\"fusion-separator-border sep-single sep-solid\" style=\"--awb-height:20px;--awb-amount:20px;border-color:#25306d;border-top-width:1px;\"><\/div><\/div><div class=\"fusion-text fusion-text-6\"><p><strong>Premios Honor\u00edficos<\/strong><\/p>\n<ul>\n<li>Agosto: Anuncio de los beneficiarios y env\u00edo por correo postal y electr\u00f3nico de las cartas oficiales de notificaci\u00f3n.<\/li>\n<li>Octubre: Homenaje a los galardonados en el escenario de la Convenci\u00f3n y Exposici\u00f3n Nacional de la FFA<\/li>\n<\/ul>\n<p><a href=\"https:\/\/www.ffa.org\/participate\/cde-lde\/\" target=\"_blank\" rel=\"noopener\">\" <\/a><a href=\"https:\/\/www.ffa.org\/participate\/awards\/honorary-awards\/\" target=\"_blank\" rel=\"noopener noreferrer\">Visite la p\u00e1gina de los Premios Honor\u00edficos<\/a><br \/>\u00bfPreguntas? P\u00f3ngase en contacto con <a href=\"mailto:honorary@ffa.org\">honorary@ffa.org<\/a><\/p>\n<\/div><div class=\"fusion-separator fusion-full-width-sep\" style=\"align-self: center;margin-left: auto;margin-right: auto;margin-top:1%;margin-bottom:3%;width:100%;\"><div class=\"fusion-separator-border sep-single sep-solid\" style=\"--awb-height:20px;--awb-amount:20px;border-color:#25306d;border-top-width:1px;\"><\/div><\/div><div class=\"fusion-text fusion-text-7\"><p><strong>Premios del Cap\u00edtulo Nacional<\/strong><\/p>\n<ul>\n<li>Julio: Evaluaci\u00f3n de solicitudes<\/li>\n<li>\n<div>Agosto: Se anuncian los resultados del jurado y se publican los paquetes de orientaci\u00f3n para los finalistas nacionales<\/div>\n<\/li>\n<li>\n<div>21 de octubre: Presentaciones en vivo de los finalistas en la Convenci\u00f3n y Exposici\u00f3n Nacional de la FFA<\/div>\n<\/li>\n<li>\n<div>22-23 de octubre: Reconocimiento de los finalistas en el escenario durante la Convenci\u00f3n y Exposici\u00f3n Nacional de la FFA<\/div>\n<\/li>\n<\/ul>\n<p><a href=\"https:\/\/www.ffa.org\/participate\/cde-lde\/\" target=\"_blank\" rel=\"noopener\">\" <\/a><a href=\"https:\/\/www.ffa.org\/participate\/awards\/national-chapter\/)\" target=\"_blank\" rel=\"noopener noreferrer\">Visite la p\u00e1gina de los premios del Cap\u00edtulo Nacional<\/a><br \/>\u00bfPreguntas? P\u00f3ngase en contacto con <a href=\"mailto:nationalchapter@ffa.org\">nationalchapter@ffa.org<\/a><\/p>\n<\/div><\/div><\/div><\/div><\/div><div class=\"fusion-fullwidth fullwidth-box fusion-builder-row-2 fusion-flex-container hundred-percent-fullwidth non-hundred-percent-height-scrolling fusion-no-large-visibility\" style=\"--awb-border-radius-top-left:0px;--awb-border-radius-top-right:0px;--awb-border-radius-bottom-right:0px;--awb-border-radius-bottom-left:0px;--awb-margin-top:0px;--awb-margin-bottom:0px;--awb-flex-wrap:wrap;\" ><div class=\"fusion-builder-row fusion-row fusion-flex-align-items-stretch fusion-flex-content-wrap\" style=\"width:calc( 100% + 0px ) !important;max-width:calc( 100% + 0px ) !important;margin-left: calc(-0px \/ 2 );margin-right: calc(-0px \/ 2 );\"><div class=\"fusion-layout-column fusion_builder_column fusion-builder-column-1 fusion_builder_column_1_1 1_1 fusion-flex-column\" style=\"--awb-padding-top:0px;--awb-padding-right:0px;--awb-padding-bottom:0px;--awb-padding-left:0px;--awb-bg-position:center center;--awb-bg-blend:overlay;--awb-bg-size:cover;--awb-width-large:100%;--awb-margin-top-large:0px;--awb-spacing-right-large:0px;--awb-margin-bottom-large:0px;--awb-spacing-left-large:0px;--awb-width-medium:100%;--awb-spacing-right-medium:0px;--awb-spacing-left-medium:0px;--awb-width-small:100%;--awb-spacing-right-small:0px;--awb-spacing-left-small:0px;\"><div class=\"fusion-column-wrapper fusion-flex-justify-content-center fusion-content-layout-column\"><div class=\"fusion-social-links fusion-social-links-1 fusion-no-large-visibility\" style=\"--awb-margin-top:0px;--awb-margin-right:0px;--awb-margin-bottom:0px;--awb-margin-left:0px;--awb-alignment:center;--awb-box-border-top:0px;--awb-box-border-right:0px;--awb-box-border-bottom:0px;--awb-box-border-left:0px;--awb-icon-colors-hover:rgba(190,189,189,0.8);--awb-box-colors-hover:rgba(232,232,232,0.8);--awb-box-border-color:var(--awb-color3);--awb-box-border-color-hover:var(--awb-color4);\"><div class=\"fusion-social-networks color-type-custom\"><div class=\"fusion-social-networks-wrapper\"><a class=\"fusion-social-network-icon fusion-tooltip fusion-facebook awb-icon-facebook\" style=\"color:#333333;font-size:16px;\" data-placement=\"top\" data-title=\"Facebook\" data-toggle=\"tooltip\" title=\"Facebook\" aria-label=\"facebook\" target=\"_blank\" rel=\"noopener noreferrer\" href=\"https:\/\/www.facebook.com\/nationalffa\"><\/a><a class=\"fusion-social-network-icon fusion-tooltip fusion-twitter awb-icon-twitter\" style=\"color:#333333;font-size:16px;\" data-placement=\"top\" data-title=\"X\" data-toggle=\"tooltip\" title=\"X\" aria-label=\"twitter\" target=\"_blank\" rel=\"noopener noreferrer\" href=\"https:\/\/twitter.com\/nationalffa\"><\/a><a class=\"fusion-social-network-icon fusion-tooltip fusion-instagram awb-icon-instagram\" style=\"color:#333333;font-size:16px;\" data-placement=\"top\" data-title=\"Instagram\" data-toggle=\"tooltip\" title=\"Instagram\" aria-label=\"instagram\" target=\"_blank\" rel=\"noopener noreferrer\" href=\"https:\/\/www.instagram.com\/nationalffa\/\"><\/a><a class=\"fusion-social-network-icon fusion-tooltip fusion-youtube awb-icon-youtube\" style=\"color:#333333;font-size:16px;\" data-placement=\"top\" data-title=\"YouTube\" data-toggle=\"tooltip\" title=\"YouTube\" aria-label=\"youtube\" target=\"_blank\" rel=\"noopener noreferrer\" href=\"https:\/\/www.youtube.com\/user\/nationalffa\"><\/a><\/div><\/div><\/div><\/div><\/div><\/div><\/div>\n<\/p>","protected":false},"excerpt":{"rendered":"","protected":false},"author":42,"featured_media":11300,"parent":0,"menu_order":0,"comment_status":"closed","ping_status":"closed","template":"100-width.php","meta":{"_acf_changed":false,"footnotes":""},"class_list":["post-157","page","type-page","status-publish","has-post-thumbnail","hentry"],"acf":[],"_links":{"self":[{"href":"https:\/\/convention.ffa.org\/espanol\/wp-json\/wp\/v2\/pages\/157","targetHints":{"allow":["GET"]}}],"collection":[{"href":"https:\/\/convention.ffa.org\/espanol\/wp-json\/wp\/v2\/pages"}],"about":[{"href":"https:\/\/convention.ffa.org\/espanol\/wp-json\/wp\/v2\/types\/page"}],"author":[{"embeddable":true,"href":"https:\/\/convention.ffa.org\/espanol\/wp-json\/wp\/v2\/users\/42"}],"replies":[{"embeddable":true,"href":"https:\/\/convention.ffa.org\/espanol\/wp-json\/wp\/v2\/comments?post=157"}],"version-history":[{"count":87,"href":"https:\/\/convention.ffa.org\/espanol\/wp-json\/wp\/v2\/pages\/157\/revisions"}],"predecessor-version":[{"id":14767,"href":"https:\/\/convention.ffa.org\/espanol\/wp-json\/wp\/v2\/pages\/157\/revisions\/14767"}],"wp:featuredmedia":[{"embeddable":true,"href":"https:\/\/convention.ffa.org\/espanol\/wp-json\/wp\/v2\/media\/11300"}],"wp:attachment":[{"href":"https:\/\/convention.ffa.org\/espanol\/wp-json\/wp\/v2\/media?parent=157"}],"curies":[{"name":"wp","href":"https:\/\/api.w.org\/{rel}","templated":true}]}}